{"id":14,"date":"2025-04-21T11:29:56","date_gmt":"2025-04-21T09:29:56","guid":{"rendered":"https:\/\/baliskis.com\/?page_id=14"},"modified":"2026-04-01T09:44:51","modified_gmt":"2026-04-01T07:44:51","slug":"dates","status":"publish","type":"page","link":"https:\/\/baliskis.com\/?page_id=14","title":{"rendered":"Dates"},"content":{"rendered":"\n<p><strong>2026<\/strong> &#8211; dates \u00e0 venir<\/p>\n\n\n\n<p>31 janvier<br>Fest-noz<br>Botmeur<\/p>\n\n\n\n<p>du 11 au 15 f\u00e9vrier<br>Festival<br>Kinnersley Castle (UK)<\/p>\n\n\n\n<p>13 mars<br>Bal pour enfants<br>Tr\u00e9gunc<\/p>\n\n\n\n<p>25 et 26 juillet<br>Grand bal de l&rsquo;Europe<br>Gennetines<\/p>\n\n\n\n<p>31 juillet<br>FIL<br>Lorient<\/p>\n\n\n\n<p><\/p>\n\n\n\n<p><\/p>\n\n\n\n<p><\/p>\n\n\n\n<figure class=\"wp-block-image alignright size-full is-style-default wp-duotone-unset-1\"><img loading=\"lazy\" decoding=\"async\" width=\"750\" height=\"500\" src=\"https:\/\/baliskis.com\/wp-content\/uploads\/2025\/04\/Baliskis-\u00a9-Sylvie-Beekandt.avif\" alt=\"\" class=\"wp-image-39\"\/><figcaption class=\"wp-element-caption\">Baliskis \u00a9 Sylvie Beekand<\/figcaption><\/figure>\n\n\n\n<p><\/p>\n\n\n\n<p><em><strong>202<\/strong><\/em><strong>5<\/strong> &#8211; dates pass\u00e9es<\/p>\n\n\n\n<p>18 janvier<br>Fest-noz<br>Plouguernevel<\/p>\n\n\n\n<p>\u200b\u200b16 mars<br>Cr\u00e9ation avec la Kevrenn Sant-Mark<br>Saint-Brieuc<\/p>\n\n\n\n<p>\u200b22 mars<br>Fest-noz<br>Ergu\u00e9-Gab\u00e9ric<\/p>\n\n\n\n<p>\u200b5 avril<br>Fest-noz<br>Plon\u00e9is<\/p>\n\n\n\n<p>\u200bdu 22 au 27 avril<br>PanCeltic Festival<br>Carlow<\/p>\n\n\n\n<p>8 juin<br>Randorade<br>Le Relecq-Kerhuon<\/p>\n\n\n\n<p>28 juin<br>Fest-noz de soutien \u00e0 Splann<br>Ch\u00e2teaulin<\/p>\n\n\n\n<p>\u200b5 juillet<br>An S\u00edb\u00edn<br>Sp\u00e9zet<\/p>\n\n\n\n<p>13 juillet<br>Ap\u00e9ro fest-noz Kenleur Tour<br>M\u00fbr-de-Bretagne<\/p>\n\n\n\n<p>\u200b26 juillet<br>Fest-noz<br>Botbihan<\/p>\n\n\n\n<p>\u200b30 &amp; 31 juillet<br>Grand bal de l&rsquo;Europe<br>Gennetines<\/p>\n\n\n\n<p>7 ao\u00fbt<br>Fest-noz<br>Guiss\u00e9ny<\/p>\n\n\n\n<p>6 septembre<br>Fest-noz<br>Ploun\u00e9our-M\u00e9nez<\/p>\n\n\n\n<p>31 octobre<br>Fest-noz<br>Sp\u00e9zet<\/p>\n\n\n\n<p>8 novembre<br>Fest-noz<br>Saint-Cadou<\/p>\n\n\n\n<p>15 novembre<br>Fest-noz<br>Berrien<\/p>\n\n\n\n<p>29 novembre<br>Bal folk \/ fest-noz<br>Berrien<\/p>\n\n\n\n<p><em><strong>2024<\/strong><\/em><\/p>\n\n\n\n<p><em>\u200b9 mai<\/em><br><em>Ploun\u00e9our-M\u00e9nez<\/em><br><em>Fest-deiz<\/em><\/p>\n\n\n\n<p><em>10 mai<\/em><br><em>Fest-noz<\/em><br><em>Camping Les Deux Fontaines<\/em><br><em>N\u00e9vez<\/em><\/p>\n\n\n\n<p><em>17 mai<\/em><br><em>Fest-noz<\/em><br><em>Botmeur<\/em><\/p>\n\n\n\n<p><em>8 juin<\/em><br><em>Fest-noz<\/em><br><em>Concarneau<\/em><\/p>\n\n\n\n<p><em>\u200b29 juin<\/em><br><em>Brasserie Poem<\/em><br><em>Fest-deiz &#8211; Brest<\/em><\/p>\n\n\n\n<p><em>\u200b15 juillet<\/em><br><em>Fest-noz<\/em><br><em>Camping Les Deux Fontaines<\/em><br><em>N\u00e9vez<\/em><\/p>\n\n\n\n<p><em>\u200b29 juillet<\/em><br><em>Fest-noz<\/em><br><em>Camping Les Deux Fontaines<\/em><br><em>N\u00e9vez<\/em><\/p>\n\n\n\n<p><em>\u200b3 ao\u00fbt &#8211; F\u00eate du Stang<\/em><br><em>Fest-noz<\/em><br><em>Landeleau<\/em><\/p>\n\n\n\n<p><em>\u200b6 &amp; 7 ao\u00fbt &#8211; Gennetines<\/em><br><em>Stage danse gavotte<\/em><br><em>Stage d&rsquo;accord\u00e9on et de chant<\/em><br><em>Bal pour enfants<\/em><br><em>Fest-noz<\/em><\/p>\n\n\n\n<p><em>12 ao\u00fbt<\/em><br><em>Fest-noz<\/em><br><em>Camping Les Deux Fontaines<\/em><br><em>N\u00e9vez<\/em><\/p>\n\n\n\n<p><em>\u200b14 ao\u00fbt<\/em><br><em>Fest-noz<\/em><br><em>Tal ar groaz<\/em><\/p>\n\n\n\n<p><em>\u200b16 ao\u00fbt &#8211; Ploenez<\/em><br><em>Fest-noz<\/em><br><em>Brenilis<\/em><\/p>\n\n\n\n<p><em>\u200b26 ao\u00fbt<\/em><br><em>Fest-noz<\/em><br><em>Camping Les Deux Fontaines<\/em><br><em>N\u00e9vez<\/em><\/p>\n\n\n\n<p><em>8 septembre<\/em><br><em>Fest-noz<\/em><br><em>Folk Festival Marsinne (Belgique)<\/em><\/p>\n\n\n\n<p><em>\u200b12 octobre<\/em><br><em>Fest-noz<\/em><br><em>Huelgoat<\/em><\/p>\n\n\n\n<p><em>\u200b9 novembre<\/em><br><em>Fest-noz<\/em><br><em>Plou\u00e9dern<\/em><\/p>\n\n\n\n<p><em>\u200b15 novembre<\/em><br><em>Fest-noz<\/em><br><em>Berrien<\/em><\/p>\n","protected":false},"excerpt":{"rendered":"<p>2026 &#8211; dates \u00e0 venir 31 janvierFest-nozBotmeur du 11 au 15 f\u00e9vrierFestivalKinnersley Castle (UK) 13 marsBal pour enfantsTr\u00e9gunc 25 et 26 juilletGrand bal de l&rsquo;EuropeGennetines 31 juilletFILLorient 2025 &#8211; dates pass\u00e9es 18 janvierFest-nozPlouguernevel \u200b\u200b16 marsCr\u00e9ation avec la Kevrenn Sant-MarkSaint-Brieuc \u200b22 marsFest-nozErgu\u00e9-Gab\u00e9ric \u200b5 avrilFest-nozPlon\u00e9is \u200bdu 22 au 27 avrilPanCeltic FestivalCarlow 8 juinRandoradeLe Relecq-Kerhuon 28 juinFest-noz de [&hellip;]<\/p>\n","protected":false},"author":1,"featured_media":0,"parent":0,"menu_order":2,"comment_status":"closed","ping_status":"closed","template":"","meta":{"footnotes":""},"class_list":["post-14","page","type-page","status-publish","hentry"],"_links":{"self":[{"href":"https:\/\/baliskis.com\/index.php?rest_route=\/wp\/v2\/pages\/14","targetHints":{"allow":["GET"]}}],"collection":[{"href":"https:\/\/baliskis.com\/index.php?rest_route=\/wp\/v2\/pages"}],"about":[{"href":"https:\/\/baliskis.com\/index.php?rest_route=\/wp\/v2\/types\/page"}],"author":[{"embeddable":true,"href":"https:\/\/baliskis.com\/index.php?rest_route=\/wp\/v2\/users\/1"}],"replies":[{"embeddable":true,"href":"https:\/\/baliskis.com\/index.php?rest_route=%2Fwp%2Fv2%2Fcomments&post=14"}],"version-history":[{"count":19,"href":"https:\/\/baliskis.com\/index.php?rest_route=\/wp\/v2\/pages\/14\/revisions"}],"predecessor-version":[{"id":207,"href":"https:\/\/baliskis.com\/index.php?rest_route=\/wp\/v2\/pages\/14\/revisions\/207"}],"wp:attachment":[{"href":"https:\/\/baliskis.com\/index.php?rest_route=%2Fwp%2Fv2%2Fmedia&parent=14"}],"curies":[{"name":"wp","href":"https:\/\/api.w.org\/{rel}","templated":true}]}}