{"id":19,"date":"2025-04-21T11:31:47","date_gmt":"2025-04-21T09:31:47","guid":{"rendered":"https:\/\/baliskis.com\/?page_id=19"},"modified":"2025-04-21T23:22:28","modified_gmt":"2025-04-21T21:22:28","slug":"ateliers-et-stages","status":"publish","type":"page","link":"https:\/\/baliskis.com\/?page_id=19","title":{"rendered":"Ateliers et stages"},"content":{"rendered":"\n<p>\u200b\u200b\u200b<\/p>\n\n\n\n<div class=\"wp-block-columns is-layout-flex wp-container-core-columns-is-layout-28f84493 wp-block-columns-is-layout-flex\">\n<div class=\"wp-block-column is-layout-flow wp-block-column-is-layout-flow\" style=\"flex-basis:50%\">\n<figure class=\"wp-block-image size-full\"><img loading=\"lazy\" decoding=\"async\" width=\"560\" height=\"375\" src=\"https:\/\/baliskis.com\/wp-content\/uploads\/2025\/04\/Baliskis-\u00a9-Sylvie-Beekandt-2.avif\" alt=\"\" class=\"wp-image-69\"\/><figcaption class=\"wp-element-caption\">\u00a9 Sylvie Beekandt<\/figcaption><\/figure>\n\n\n\n<p class=\"has-large-font-size\"><strong>Stages et ateliers de chant<\/strong><\/p>\n\n\n\n<p>\u200b\u200b\u200bUn atelier\/stage de chant de Haute Cornouaille (m\u00e9lodie, chanson \u00e0 la marche ou kan ha diskan), L&rsquo;atelier permet d&rsquo;aborder les sp\u00e9cificit\u00e9s du r\u00e9pertoire d&rsquo;un point de vue technique comme stylistique : aspects rythmiques, onomatop\u00e9es, prononciation du breton&#8230; Outre le travail sur la chanson, l&rsquo;atelier est \u00e9galement ax\u00e9 sur l&rsquo;\u00e9coute du r\u00e9pertoire. L&rsquo;apprentissage se fait de mani\u00e8re orale il n&rsquo;est pas n\u00e9cessaire de savoir lire la musique.<\/p>\n\n\n\n<p>\u200bUn atelier\/stage de chant dans la danse proposant des rondes chant\u00e9es maritimes et les variantes sp\u00e9cifiques du pays Bigouden de ces rondes \u00e0 trois pas.<\/p>\n\n\n\n<p><\/p>\n<\/div>\n\n\n\n<div class=\"wp-block-column is-layout-flow wp-block-column-is-layout-flow\" style=\"flex-basis:50%\">\n<figure class=\"wp-block-image size-full\"><img loading=\"lazy\" decoding=\"async\" width=\"560\" height=\"375\" src=\"https:\/\/baliskis.com\/wp-content\/uploads\/2025\/04\/Baliskis-\u00a9-Sylvie-Beekandt-3.avif\" alt=\"\" class=\"wp-image-70\"\/><figcaption class=\"wp-element-caption\">\u00a9 Sylvie Beekandt<\/figcaption><\/figure>\n\n\n\n<p class=\"has-large-font-size\"><strong>Stages et ateliers s&rsquo;accord\u00e9on diatonique<\/strong><\/p>\n\n\n\n<p>\u200b\u200b\u200bDeux ateliers\/stages d&rsquo;accord\u00e9on diatonique :<\/p>\n\n\n\n<p>Un atelier centr\u00e9 autour des r\u00e9pertoires traditionnellement jou\u00e9s \u00e0 l&rsquo;accord\u00e9on (gavottes montagnes et gavotte pourlet).<\/p>\n\n\n\n<p>\u200bUn atelier autour de l&rsquo;adaptation \u00e0 l&rsquo;accord\u00e9on des airs chant\u00e9s (harmonisation, style, ornementation).<\/p>\n<\/div>\n<\/div>\n\n\n\n<p class=\"has-large-font-size\"><strong>Stages et ateliers de danse<\/strong><\/p>\n\n\n\n<p>Un atelier\/stage de chant dans la danse proposant des rondes chant\u00e9es maritimes et les variantes sp\u00e9cifiques du pays bigouden de ces rondes \u00e0 trois pas.<\/p>\n","protected":false},"excerpt":{"rendered":"<p>\u200b\u200b\u200b Stages et ateliers de chant \u200b\u200b\u200bUn atelier\/stage de chant de Haute Cornouaille (m\u00e9lodie, chanson \u00e0 la marche ou kan ha diskan), L&rsquo;atelier permet d&rsquo;aborder les sp\u00e9cificit\u00e9s du r\u00e9pertoire d&rsquo;un point de vue technique comme stylistique : aspects rythmiques, onomatop\u00e9es, prononciation du breton&#8230; Outre le travail sur la chanson, l&rsquo;atelier est \u00e9galement ax\u00e9 sur l&rsquo;\u00e9coute [&hellip;]<\/p>\n","protected":false},"author":1,"featured_media":0,"parent":0,"menu_order":6,"comment_status":"closed","ping_status":"closed","template":"","meta":{"footnotes":""},"class_list":["post-19","page","type-page","status-publish","hentry"],"_links":{"self":[{"href":"https:\/\/baliskis.com\/index.php?rest_route=\/wp\/v2\/pages\/19","targetHints":{"allow":["GET"]}}],"collection":[{"href":"https:\/\/baliskis.com\/index.php?rest_route=\/wp\/v2\/pages"}],"about":[{"href":"https:\/\/baliskis.com\/index.php?rest_route=\/wp\/v2\/types\/page"}],"author":[{"embeddable":true,"href":"https:\/\/baliskis.com\/index.php?rest_route=\/wp\/v2\/users\/1"}],"replies":[{"embeddable":true,"href":"https:\/\/baliskis.com\/index.php?rest_route=%2Fwp%2Fv2%2Fcomments&post=19"}],"version-history":[{"count":4,"href":"https:\/\/baliskis.com\/index.php?rest_route=\/wp\/v2\/pages\/19\/revisions"}],"predecessor-version":[{"id":117,"href":"https:\/\/baliskis.com\/index.php?rest_route=\/wp\/v2\/pages\/19\/revisions\/117"}],"wp:attachment":[{"href":"https:\/\/baliskis.com\/index.php?rest_route=%2Fwp%2Fv2%2Fmedia&parent=19"}],"curies":[{"name":"wp","href":"https:\/\/api.w.org\/{rel}","templated":true}]}}