{"id":2,"date":"2025-04-07T19:52:30","date_gmt":"2025-04-07T17:52:30","guid":{"rendered":"http:\/\/baliskis.com\/?page_id=2"},"modified":"2025-08-06T23:23:14","modified_gmt":"2025-08-06T21:23:14","slug":"page-d-exemple","status":"publish","type":"page","link":"https:\/\/baliskis.com\/","title":{"rendered":"Accueil"},"content":{"rendered":"\n<figure class=\"wp-block-image aligncenter size-full\"><img loading=\"lazy\" decoding=\"async\" width=\"2560\" height=\"1153\" src=\"https:\/\/baliskis.com\/wp-content\/uploads\/2025\/08\/20240806_230051-scaled.jpg\" alt=\"\" class=\"wp-image-173\" srcset=\"https:\/\/baliskis.com\/wp-content\/uploads\/2025\/08\/20240806_230051-scaled.jpg 2560w, https:\/\/baliskis.com\/wp-content\/uploads\/2025\/08\/20240806_230051-300x135.jpg 300w, https:\/\/baliskis.com\/wp-content\/uploads\/2025\/08\/20240806_230051-1024x461.jpg 1024w, https:\/\/baliskis.com\/wp-content\/uploads\/2025\/08\/20240806_230051-768x346.jpg 768w, https:\/\/baliskis.com\/wp-content\/uploads\/2025\/08\/20240806_230051-1536x692.jpg 1536w, https:\/\/baliskis.com\/wp-content\/uploads\/2025\/08\/20240806_230051-2048x922.jpg 2048w\" sizes=\"auto, (max-width: 2560px) 100vw, 2560px\" \/><figcaption class=\"wp-element-caption\">Katell Kloareg et Anne-C\u00e9cile Poyard : chant<br>Gr\u00e9goire Pluet : accord\u00e9on<br>Baliskis \u00a9 Ir\u00e8ne Mopin, Le Grand bal de l&rsquo;Europe 2024<\/figcaption><\/figure>\n\n\n\n<p>Baliskis est un trio de musique \u00e0 danser chant-accord\u00e9on qui nous vient des monts d&rsquo;Arr\u00e9e et de Brest.<\/p>\n\n\n\n<p>\u200bLeur r\u00e9pertoire de pr\u00e9dilection reste la Haute-Cornouaille et plus particuli\u00e8rement la gavotte, mais ils s&rsquo;aventurent avec plaisir en r\u00e9pertoire gallo. Ils ont \u00e0 c\u0153ur de jouer des airs traditionnels provenant notamment de collectages, tout en leur donnant une coloration personnelle.<\/p>\n\n\n\n<p>\u200bBaliskis c&rsquo;est un kan ha diskan traditionnel et assum\u00e9. Baliskis c&rsquo;est aussi un accord\u00e9on \u00e0 l\u2019univers sonore vari\u00e9 et color\u00e9 ; c&rsquo;est une musique malicieuse et parfois os\u00e9e dans laquelle pointe la polyphonie. Venez virevolter sur du plinn, de la polka et, bien \u00e9videmment, sur de la gavotte !<\/p>\n\n\n\n<p><\/p>\n\n\n\n<p class=\"has-large-font-size\"><strong>Eus an eil d&rsquo;eben<\/strong><\/p>\n\n\n\n<figure class=\"wp-block-image alignright size-medium\"><img loading=\"lazy\" decoding=\"async\" width=\"300\" height=\"271\" src=\"https:\/\/baliskis.com\/wp-content\/uploads\/2025\/04\/visuel_pochette_eus_an_eil_d_eben-300x271.png\" alt=\"\" class=\"wp-image-31\" srcset=\"https:\/\/baliskis.com\/wp-content\/uploads\/2025\/04\/visuel_pochette_eus_an_eil_d_eben-300x271.png 300w, https:\/\/baliskis.com\/wp-content\/uploads\/2025\/04\/visuel_pochette_eus_an_eil_d_eben-1024x924.png 1024w, https:\/\/baliskis.com\/wp-content\/uploads\/2025\/04\/visuel_pochette_eus_an_eil_d_eben-768x693.png 768w, https:\/\/baliskis.com\/wp-content\/uploads\/2025\/04\/visuel_pochette_eus_an_eil_d_eben-1536x1386.png 1536w, https:\/\/baliskis.com\/wp-content\/uploads\/2025\/04\/visuel_pochette_eus_an_eil_d_eben.png 1928w\" sizes=\"auto, (max-width: 300px) 100vw, 300px\" \/><\/figure>\n\n\n\n<div class=\"wp-block-group is-layout-constrained wp-block-group-is-layout-constrained\">\n<p>\u200bLe trio a enregistr\u00e9 son premier album au printemps 2024, avec pour fil conducteur le choix de textes po\u00e9tiques \u00e9crits par des femmes dans la tradition ou plus r\u00e9cemment. Les \u0153uvres de Valentine Colleter, Philom\u00e8ne Cadoret, Th\u00e9r\u00e8se Dufour, Anjela Duval, Constance Le Merrer, Augustine Le Mansec, Clarisse Bailleul, ont ainsi \u00e9t\u00e9 choisies pour porter les m\u00e9lodies chant\u00e9es par Anne-C\u00e9cile et Katell.<\/p>\n\n\n\n<p>\u200bApr\u00e8s une r\u00e9sidence \u00e0 l&rsquo;Abbaye du Relec \u00e0 Ploun\u00e9our-M\u00e9nez, le trio a \u00e9t\u00e9 enregistrer avec Aur\u00e9lien Tanghe au Studio des Hirondelles \u00e0 Flines-l\u00e8s-Mortagne (59).<\/p>\n<\/div>\n\n\n\n<p class=\"has-large-font-size\"><strong>Boutique en ligne HelloAsso<\/strong><\/p>\n\n\n\n<p>\u200b\u200bPour acheter le disque \u00e0 distance<\/p>\n\n\n\n<div class=\"wp-block-group is-layout-constrained wp-block-group-is-layout-constrained\">\n<iframe id=\"haWidget\" allowtransparency=\"true\" src=\"https:\/\/www.helloasso.com\/associations\/furlukin-ha-durzhunell\/boutiques\/baliskis-eus-an-eil-d-eben\/widget-bouton\" style=\"width: 100%; height: 70px; border: none;\"><\/iframe>\n<\/div>\n","protected":false},"excerpt":{"rendered":"<p>Baliskis est un trio de musique \u00e0 danser chant-accord\u00e9on qui nous vient des monts d&rsquo;Arr\u00e9e et de Brest. \u200bLeur r\u00e9pertoire de pr\u00e9dilection reste la Haute-Cornouaille et plus particuli\u00e8rement la gavotte, mais ils s&rsquo;aventurent avec plaisir en r\u00e9pertoire gallo. Ils ont \u00e0 c\u0153ur de jouer des airs traditionnels provenant notamment de collectages, tout en leur donnant [&hellip;]<\/p>\n","protected":false},"author":1,"featured_media":0,"parent":0,"menu_order":1,"comment_status":"closed","ping_status":"open","template":"","meta":{"footnotes":""},"class_list":["post-2","page","type-page","status-publish","hentry"],"_links":{"self":[{"href":"https:\/\/baliskis.com\/index.php?rest_route=\/wp\/v2\/pages\/2","targetHints":{"allow":["GET"]}}],"collection":[{"href":"https:\/\/baliskis.com\/index.php?rest_route=\/wp\/v2\/pages"}],"about":[{"href":"https:\/\/baliskis.com\/index.php?rest_route=\/wp\/v2\/types\/page"}],"author":[{"embeddable":true,"href":"https:\/\/baliskis.com\/index.php?rest_route=\/wp\/v2\/users\/1"}],"replies":[{"embeddable":true,"href":"https:\/\/baliskis.com\/index.php?rest_route=%2Fwp%2Fv2%2Fcomments&post=2"}],"version-history":[{"count":19,"href":"https:\/\/baliskis.com\/index.php?rest_route=\/wp\/v2\/pages\/2\/revisions"}],"predecessor-version":[{"id":175,"href":"https:\/\/baliskis.com\/index.php?rest_route=\/wp\/v2\/pages\/2\/revisions\/175"}],"wp:attachment":[{"href":"https:\/\/baliskis.com\/index.php?rest_route=%2Fwp%2Fv2%2Fmedia&parent=2"}],"curies":[{"name":"wp","href":"https:\/\/api.w.org\/{rel}","templated":true}]}}