{"id":20,"date":"2025-04-21T11:32:00","date_gmt":"2025-04-21T09:32:00","guid":{"rendered":"https:\/\/baliskis.com\/?page_id=20"},"modified":"2025-10-10T11:46:14","modified_gmt":"2025-10-10T09:46:14","slug":"bio","status":"publish","type":"page","link":"https:\/\/baliskis.com\/?page_id=20","title":{"rendered":"Bio"},"content":{"rendered":"\n<div class=\"wp-block-columns is-layout-flex wp-container-core-columns-is-layout-28f84493 wp-block-columns-is-layout-flex\">\n<div class=\"wp-block-column is-layout-flow wp-block-column-is-layout-flow\" style=\"flex-basis:33.34%\">\n<figure class=\"wp-block-image size-full\"><img loading=\"lazy\" decoding=\"async\" width=\"365\" height=\"244\" src=\"https:\/\/baliskis.com\/wp-content\/uploads\/2025\/04\/Baliskis-\u00a9-Sylvie-Beekandt-4.avif\" alt=\"\" class=\"wp-image-73\"\/><\/figure>\n\n\n\n<p class=\"has-large-font-size\"><strong>Katell Kloareg<\/strong><\/p>\n\n\n\n<p>\u200b\u200b\u200bChanteuse multilingue, Katell a pass\u00e9 la moiti\u00e9 de sa vie au pays de Galles et l\u2019autre moiti\u00e9 en Bretagne o\u00f9 elle est n\u00e9e. C&rsquo;est en famille que Katell chante d\u00e8s son plus jeune \u00e2ge, entour\u00e9e de musique et de chant. Elle tient une partie de son r\u00e9pertoire de sa m\u00e8re, Brigitte Kloareg, chanteuse elle aussi. Elle fait ses premi\u00e8res armes dans des festivals en Grande-Bretagne et en Irlande puis s\u2019affirme dans les festo\u00f9-noz et les concerts. Elle puise ses inspirations dans sa culture multi-facettes et s\u2019investit dans des projets \u00e9ph\u00e9m\u00e8res ou de longue haleine&#8230;<\/p>\n\n\n\n<p>\u200bPar exemple, en duo avec le guitariste Fred Boudineau dans des r\u00e9pertoires m\u00ealant complaintes et chants de Bretagne et du pays de Galles avec rythmes et harmonies. Avec le groupe <a href=\"https:\/\/www.facebook.com\/p\/Ynis-100059304494937\/?locale=fr_FR\" target=\"_blank\" rel=\"noreferrer noopener\">Ynis<\/a>, qui propose musiques et chants irlandais, \u00e9cossais et am\u00e9ricains. Avec le groupe de bal et fest-noz Baliskis qui se produit \u00e9galement en concert. En duo avec Anne-C\u00e9cile Poyard pour du bal \u00e0 la voix (kan-ha-diskan et rondes chant\u00e9es). Elle continue sa pratique de chanter en famille dans le trio Kanta. Katell a r\u00e9cemment rejoint le groupe <a href=\"https:\/\/www.kaolila.com\/\" target=\"_blank\" rel=\"noreferrer noopener\">Kaolila<\/a>.<\/p>\n\n\n\n<p>\u200bAupr\u00e8s des enfants, le duo Kat &amp; Fred m\u00e8ne les balades chant\u00e9es et cont\u00e9es Ribambelle et Ritournelles &amp; P\u2019tit Loup avec l\u2019association Addes. Katell, en collaboration avec d\u2019autres artistes, propose plusieurs spectacles accompagn\u00e9s de livrets CD. Le dernier en date, Mikak la fille de l\u2019oc\u00e9an, est un conte en musique sorti en&nbsp; novembre 2022.<\/p>\n\n\n\n<p>Depuis 2018, Katell chante dans les cr\u00e9ations du cercle celtique Brug ar Menez de Sp\u00e9zet.<\/p>\n\n\n\n<p>\u200bKatell anime \u00e9galement des ateliers chant \u00e0 l\u2019Universit\u00e9 de Bretagne occidentale (Let\u2019s sing in English), ateliers de chant en breton avec TRAD MAD (Music and Dance) aux USA, atelier chant de no\u00ebl avec le Centre breton d\u2019art populaire et interventions au Conservatoire de Brest en chant traditionnel\u2026<\/p>\n\n\n\n<p>\u200b<\/p>\n\n\n\n<p><a href=\"https:\/\/www.kat-fred.com\">https:\/\/www.kat-fred.com<\/a><\/p>\n<\/div>\n\n\n\n<div class=\"wp-block-column is-layout-flow wp-block-column-is-layout-flow\" style=\"flex-basis:33.34%\">\n<figure class=\"wp-block-image size-full\"><img loading=\"lazy\" decoding=\"async\" width=\"365\" height=\"244\" src=\"https:\/\/baliskis.com\/wp-content\/uploads\/2025\/04\/Baliskis-\u00a9-Sylvie-Beekandt-5.avif\" alt=\"\" class=\"wp-image-74\"\/><\/figure>\n\n\n\n<p class=\"has-large-font-size\"><strong>Gr\u00e9goire Pluet<\/strong><\/p>\n\n\n\n<p>\u200b\u200b\u200bGr\u00e9goire d\u00e9bute l\u2019accord\u00e9on diatonique d\u00e8s l\u2019enfance et suit les cours de Didier Baudequin et Bruno Le Tron. En 2009, il obtient une licence de musicologie \u00e0 la Sorbonne, puis effectue ses recherches de ma\u00eetrise sur la perception des rapports entre musique et danse dans le bal folk. Son habitude des couloirs de conservatoire l&rsquo;a conduit \u00e0 Brest pour y passer un DEM de musiques traditionnelles et s&rsquo;y approprier le r\u00e9pertoire breton.<\/p>\n\n\n\n<p>\u200bParall\u00e8lement \u00e0 ses \u00e9tudes, Gr\u00e9goire multiplie les exp\u00e9riences sc\u00e9niques \u00e0 l\u2019accord\u00e9on dans des contextes et esth\u00e9tiques vari\u00e9s, allant des musiques savantes aux musiques traditionnelles, en passant par la chanson fran\u00e7aise ou la musique pour le spectacle vivant.<\/p>\n\n\n\n<p>\u200bAujourd\u2019hui titulaire du DE de professeur de musique traditionnelle, il enseigne dans diff\u00e9rentes \u00e9coles du Finist\u00e8re et dirige \u00e9galement le Centre Breton d\u2019Art Populaire \u00e0 Brest. Il est actif au sein de plusieurs formations (Les P\u2019tits Poux, MP6, Baliskis, Leved&rsquo;Tata\u00f1), accompagne le cercle celtique Brug ar Menez de Sp\u00e9zet et se produit en concert avec Ir\u00e8ne Mopin en duo cor\/accord\u00e9on et avec Anne-C\u00e9cile Poyard et Beno\u00eet Poussin en trio chant\/orgue\/accord\u00e9on.<\/p>\n\n\n\n<p>\u200b<a href=\"http:\/\/gregoirepluet.fr\/\" target=\"_blank\" rel=\"noreferrer noopener\">http:\/\/gregoirepluet.fr\/<\/a><\/p>\n<\/div>\n\n\n\n<div class=\"wp-block-column is-layout-flow wp-block-column-is-layout-flow\" style=\"flex-basis:33.33%\">\n<figure class=\"wp-block-image size-full\"><img loading=\"lazy\" decoding=\"async\" width=\"365\" height=\"244\" src=\"https:\/\/baliskis.com\/wp-content\/uploads\/2025\/04\/Baliskis-\u00a9-Sylvie-Beekandt-6.avif\" alt=\"\" class=\"wp-image-75\"\/><\/figure>\n\n\n\n<p class=\"has-large-font-size\"><strong>Anne-C\u00e9cile Poyard<\/strong><\/p>\n\n\n\n<p>\u200bLa gavotte des monts d\u2019Arr\u00e9e, Anne-C\u00e9cile commence \u00e0 la chanter un peu par hasard, avec une voisine\u2026 Depuis, elle ne s\u2019est plus arr\u00eat\u00e9e ! Sa passion du chant traditionnel de Bretagne a pouss\u00e9 Anne-C\u00e9cile \u00e0 int\u00e9grer le conservatoire de Brest et \u00e0 y obtenir en 2015 son DEM en chant traditionnel. \u00c0 cette occasion elle se d\u00e9couvre une passion pour le r\u00e9pertoire de tamm kreiz gavotte.<\/p>\n\n\n\n<p>\u200bTitulaire du DE de professeur de musique traditionnelle, Anne-C\u00e9cile aborde la transmission du chant de mani\u00e8re vivante et ludique, dans laquelle la culture, l\u2019\u00e9coute et le style ont une place pr\u00e9pond\u00e9rante. Elle enseigne au Centre Breton d\u2019Art Populaire, \u00e0 Sizun et \u00e0 Landerneau.<\/p>\n\n\n\n<p>\u200bAnne-C\u00e9cile chante pr\u00e9f\u00e9rentiellement du r\u00e9pertoire de Basse Bretagne (et surtout de la gavotte) mais fait des incursions jusqu\u2019en pays gallo. Elle se produit en fest-noz avec Katell Kloareg, avec le duo Poyard\/Pluet et avec le duo Faure\/Poyard. R\u00e9cemment, Anne-C\u00e9cile exp\u00e9rimente le kan ha diskan \u00ab\u00a0\u00e0 la Madec\u00a0\u00bb avec Eric Menneteau. Elle chante \u00e9galement pour le cercle celtique Brug ar Menez de Sp\u00e9zet.<\/p>\n\n\n\n<p>\u200bAnne-C\u00e9cile chante parfois en concert et propose Sur l\u2019air de &#8230;,&nbsp; un voyage autour des timbres accompagn\u00e9 \u00e0 l\u2019accord\u00e9on par Gr\u00e9goire Pluet et \u00e0 l&rsquo;orgue par Beno\u00eet Poussin.<\/p>\n\n\n\n<p>\u200b<a href=\"https:\/\/www.anne-cecile-poyard.com\">https:\/\/www.anne-cecile-poyard.com<\/a><\/p>\n<\/div>\n<\/div>\n","protected":false},"excerpt":{"rendered":"<p>Katell Kloareg \u200b\u200b\u200bChanteuse multilingue, Katell a pass\u00e9 la moiti\u00e9 de sa vie au pays de Galles et l\u2019autre moiti\u00e9 en Bretagne o\u00f9 elle est n\u00e9e. C&rsquo;est en famille que Katell chante d\u00e8s son plus jeune \u00e2ge, entour\u00e9e de musique et de chant. Elle tient une partie de son r\u00e9pertoire de sa m\u00e8re, Brigitte Kloareg, chanteuse [&hellip;]<\/p>\n","protected":false},"author":1,"featured_media":0,"parent":0,"menu_order":7,"comment_status":"closed","ping_status":"closed","template":"","meta":{"footnotes":""},"class_list":["post-20","page","type-page","status-publish","hentry"],"_links":{"self":[{"href":"https:\/\/baliskis.com\/index.php?rest_route=\/wp\/v2\/pages\/20","targetHints":{"allow":["GET"]}}],"collection":[{"href":"https:\/\/baliskis.com\/index.php?rest_route=\/wp\/v2\/pages"}],"about":[{"href":"https:\/\/baliskis.com\/index.php?rest_route=\/wp\/v2\/types\/page"}],"author":[{"embeddable":true,"href":"https:\/\/baliskis.com\/index.php?rest_route=\/wp\/v2\/users\/1"}],"replies":[{"embeddable":true,"href":"https:\/\/baliskis.com\/index.php?rest_route=%2Fwp%2Fv2%2Fcomments&post=20"}],"version-history":[{"count":6,"href":"https:\/\/baliskis.com\/index.php?rest_route=\/wp\/v2\/pages\/20\/revisions"}],"predecessor-version":[{"id":181,"href":"https:\/\/baliskis.com\/index.php?rest_route=\/wp\/v2\/pages\/20\/revisions\/181"}],"wp:attachment":[{"href":"https:\/\/baliskis.com\/index.php?rest_route=%2Fwp%2Fv2%2Fmedia&parent=20"}],"curies":[{"name":"wp","href":"https:\/\/api.w.org\/{rel}","templated":true}]}}